{"id":77,"date":"2026-04-20T19:26:28","date_gmt":"2026-04-20T17:26:28","guid":{"rendered":"https:\/\/monografie.wydawnictwo-odnowa.pl.wydawnictwo-odnowa.pl\/?page_id=77"},"modified":"2026-04-23T20:51:59","modified_gmt":"2026-04-23T18:51:59","slug":"elementor-77","status":"publish","type":"page","link":"https:\/\/monografie.wydawnictwo-odnowa.pl.wydawnictwo-odnowa.pl\/index.php\/elementor-77\/","title":{"rendered":"Elementor #77"},"content":{"rendered":"\t\t<div data-elementor-type=\"wp-post\" data-elementor-id=\"77\" class=\"elementor elementor-77\" data-elementor-post-type=\"page\">\n\t\t\t\t<div class=\"elementor-element elementor-element-7eb2f778 e-con-full e-flex e-con e-parent\" data-id=\"7eb2f778\" data-element_type=\"container\" data-e-type=\"container\" data-settings=\"{&quot;background_background&quot;:&quot;classic&quot;}\">\n\t\t\t\t<div class=\"elementor-element elementor-element-fb94844 elementor-align-center elementor-widget elementor-widget-button\" data-id=\"fb94844\" data-element_type=\"widget\" data-e-type=\"widget\" data-widget_type=\"button.default\">\n\t\t\t\t\t\t\t\t\t\t<a class=\"elementor-button elementor-size-sm\" role=\"button\">\n\t\t\t\t\t\t<span class=\"elementor-button-content-wrapper\">\n\t\t\t\t\t\t\t\t\t<span class=\"elementor-button-text\">Contact us<\/span>\n\t\t\t\t\t<\/span>\n\t\t\t\t\t<\/a>\n\t\t\t\t\t\t\t\t<\/div>\n\t\t\t\t<\/div>\n\t\t<div class=\"elementor-element elementor-element-47e8953 e-flex e-con-boxed e-con e-parent\" data-id=\"47e8953\" data-element_type=\"container\" data-e-type=\"container\" data-settings=\"{&quot;background_background&quot;:&quot;classic&quot;}\">\n\t\t\t\t\t<div class=\"e-con-inner\">\n\t\t\t\t<div class=\"elementor-element elementor-element-7dd0f17c elementor-widget elementor-widget-heading\" data-id=\"7dd0f17c\" data-element_type=\"widget\" data-e-type=\"widget\" data-widget_type=\"heading.default\">\n\t\t\t\t\t<h1 class=\"elementor-heading-title elementor-size-default\">\nPublikuj monografi\u0119 naukow\u0105 zgodnie\nz wymogami ewaluacji.\n\n<\/h1>\t\t\t\t<\/div>\n\t\t\t\t<div class=\"elementor-element elementor-element-13afbc2 elementor-widget elementor-widget-heading\" data-id=\"13afbc2\" data-element_type=\"widget\" data-e-type=\"widget\" data-widget_type=\"heading.default\">\n\t\t\t\t\t<h1 class=\"elementor-heading-title elementor-size-default\">\n\n\nMonografie punktowane (80 lub 120 punkt\u00f3w MEiN),\nIdentyfikator DOI, widoczno\u015b\u0107 w Google Scholar\noraz integracja z ORCID.<\/h1>\t\t\t\t<\/div>\n\t\t\t\t\t<\/div>\n\t\t\t\t<\/div>\n\t\t<div class=\"elementor-element elementor-element-9147f9d e-con-full e-flex e-con e-parent\" data-id=\"9147f9d\" data-element_type=\"container\" data-e-type=\"container\" data-settings=\"{&quot;background_background&quot;:&quot;classic&quot;}\">\n\t\t<div class=\"elementor-element elementor-element-d8b661b e-flex e-con-boxed e-con e-child\" data-id=\"d8b661b\" data-element_type=\"container\" data-e-type=\"container\">\n\t\t\t\t\t<div class=\"e-con-inner\">\n\t\t\t\t<div class=\"elementor-element elementor-element-c86f745 elementor-widget__width-initial elementor-widget elementor-widget-heading\" data-id=\"c86f745\" data-element_type=\"widget\" data-e-type=\"widget\" data-widget_type=\"heading.default\">\n\t\t\t\t\t<h2 class=\"elementor-heading-title elementor-size-default\">Maksymalizacja Wp\u0142ywu: \nDOI i Google Scholar Indeksacja w cenie\n   \u2013 \ngwarancja cytowalno\u015bci.<\/h2>\t\t\t\t<\/div>\n\t\t\t\t\t<\/div>\n\t\t\t\t<\/div>\n\t\t<div class=\"elementor-element elementor-element-ad14fc4 e-flex e-con-boxed e-con e-child\" data-id=\"ad14fc4\" data-element_type=\"container\" data-e-type=\"container\">\n\t\t\t\t\t<div class=\"e-con-inner\">\n\t\t\t\t<div class=\"elementor-element elementor-element-0f61f20 elementor-widget__width-initial elementor-widget elementor-widget-heading\" data-id=\"0f61f20\" data-element_type=\"widget\" data-e-type=\"widget\" data-widget_type=\"heading.default\">\n\t\t\t\t\t<h2 class=\"elementor-heading-title elementor-size-default\">Pe\u0142ne Wsparcie Cyfrowe: \nORCID i Zielona \u015acie\u017cka. Zgodno\u015b\u0107 z wymogami grant\u00f3w UE\/NCN.<\/h2>\t\t\t\t<\/div>\n\t\t\t\t\t<\/div>\n\t\t\t\t<\/div>\n\t\t\t\t<\/div>\n\t\t\t\t<\/div>\n\t\t","protected":false},"excerpt":{"rendered":"<p>Contact us Publikuj monografi\u0119 naukow\u0105 zgodnie z wymogami ewaluacji. Monografie punktowane (80 lub 120 punkt\u00f3w MEiN), Identyfikator DOI, widoczno\u015b\u0107 w [&hellip;]<\/p>\n","protected":false},"author":1,"featured_media":0,"parent":0,"menu_order":0,"comment_status":"closed","ping_status":"closed","template":"","meta":{"site-sidebar-layout":"no-sidebar","site-content-layout":"","ast-site-content-layout":"full-width-container","site-content-style":"default","site-sidebar-style":"default","ast-global-header-display":"","ast-banner-title-visibility":"","ast-main-header-display":"","ast-hfb-above-header-display":"","ast-hfb-below-header-display":"","ast-hfb-mobile-header-display":"","site-post-title":"","ast-breadcrumbs-content":"","ast-featured-img":"disabled","footer-sml-layout":"","theme-transparent-header-meta":"","adv-header-id-meta":"","stick-header-meta":"","header-above-stick-meta":"","header-main-stick-meta":"","header-below-stick-meta":"","astra-migrate-meta-layouts":"default","ast-page-background-enabled":"default","ast-page-background-meta":{"desktop":{"background-color":"var(--ast-global-color-5)","background-image":"","background-repeat":"repeat","background-position":"center center","background-size":"auto","background-attachment":"scroll","background-type":"","background-media":"","overlay-type":"","overlay-color":"","overlay-opacity":"","overlay-gradient":""},"tablet":{"background-color":"","background-image":"","background-repeat":"repeat","background-position":"center center","background-size":"auto","background-attachment":"scroll","background-type":"","background-media":"","overlay-type":"","overlay-color":"","overlay-opacity":"","overlay-gradient":""},"mobile":{"background-color":"","background-image":"","background-repeat":"repeat","background-position":"center center","background-size":"auto","background-attachment":"scroll","background-type":"","background-media":"","overlay-type":"","overlay-color":"","overlay-opacity":"","overlay-gradient":""}},"ast-content-background-meta":{"desktop":{"background-color":"var(--ast-global-color-4)","background-image":"","background-repeat":"repeat","background-position":"center center","background-size":"auto","background-attachment":"scroll","background-type":"","background-media":"","overlay-type":"","overlay-color":"","overlay-opacity":"","overlay-gradient":""},"tablet":{"background-color":"var(--ast-global-color-4)","background-image":"","background-repeat":"repeat","background-position":"center center","background-size":"auto","background-attachment":"scroll","background-type":"","background-media":"","overlay-type":"","overlay-color":"","overlay-opacity":"","overlay-gradient":""},"mobile":{"background-color":"var(--ast-global-color-4)","background-image":"","background-repeat":"repeat","background-position":"center center","background-size":"auto","background-attachment":"scroll","background-type":"","background-media":"","overlay-type":"","overlay-color":"","overlay-opacity":"","overlay-gradient":""}},"footnotes":""},"class_list":["post-77","page","type-page","status-publish","hentry"],"_links":{"self":[{"href":"https:\/\/monografie.wydawnictwo-odnowa.pl.wydawnictwo-odnowa.pl\/index.php\/wp-json\/wp\/v2\/pages\/77","targetHints":{"allow":["GET"]}}],"collection":[{"href":"https:\/\/monografie.wydawnictwo-odnowa.pl.wydawnictwo-odnowa.pl\/index.php\/wp-json\/wp\/v2\/pages"}],"about":[{"href":"https:\/\/monografie.wydawnictwo-odnowa.pl.wydawnictwo-odnowa.pl\/index.php\/wp-json\/wp\/v2\/types\/page"}],"author":[{"embeddable":true,"href":"https:\/\/monografie.wydawnictwo-odnowa.pl.wydawnictwo-odnowa.pl\/index.php\/wp-json\/wp\/v2\/users\/1"}],"replies":[{"embeddable":true,"href":"https:\/\/monografie.wydawnictwo-odnowa.pl.wydawnictwo-odnowa.pl\/index.php\/wp-json\/wp\/v2\/comments?post=77"}],"version-history":[{"count":49,"href":"https:\/\/monografie.wydawnictwo-odnowa.pl.wydawnictwo-odnowa.pl\/index.php\/wp-json\/wp\/v2\/pages\/77\/revisions"}],"predecessor-version":[{"id":151,"href":"https:\/\/monografie.wydawnictwo-odnowa.pl.wydawnictwo-odnowa.pl\/index.php\/wp-json\/wp\/v2\/pages\/77\/revisions\/151"}],"wp:attachment":[{"href":"https:\/\/monografie.wydawnictwo-odnowa.pl.wydawnictwo-odnowa.pl\/index.php\/wp-json\/wp\/v2\/media?parent=77"}],"curies":[{"name":"wp","href":"https:\/\/api.w.org\/{rel}","templated":true}]}}